{"id":11,"date":"2018-08-26T12:01:54","date_gmt":"2018-08-26T10:01:54","guid":{"rendered":"http:\/\/www.martinavanemmerich.de\/wp\/?page_id=11"},"modified":"2018-09-30T21:11:01","modified_gmt":"2018-09-30T19:11:01","slug":"ueber-mich","status":"publish","type":"page","link":"https:\/\/www.martinavanemmerich.de\/wp\/ueber-mich\/","title":{"rendered":"\u00dcber mich"},"content":{"rendered":"<p>Ich bin Martina van Emmerich und wurde 1958 in M\u00fclheim an der Ruhr geboren und lebe dort bis heute.<\/p>\n<h2>Werdegang<\/h2>\n<div class=\"one_half\"><\/p>\n<p>Durch meine Kinder bin ich 1988 erstmalig mit der Hom\u00f6opathie in Kontakt gekommen. Die Hom\u00f6opathie hat mich sofort gefesselt und die Behandlungserfolge haben in mir den Wunsch geweckt, diese Behandlungsmethode besser zu verstehen und weiter zu ergr\u00fcnden.<\/p>\n<p>1995 habe ich meine Pr\u00fcfung als Heilpraktikerin beim Gesundheitsamt in Duisburg abgelegt und arbeite von 1996 an bis heute ununterbrochen in meiner eigenen Praxis.<\/p>\n<p>Seit 2003 kombiniere ich meine Arbeit als Hom\u00f6opathin immer mehr mit Elementen aus der systemischen Aufstellungsarbeit und der beseelten Begegnung zwischen mir und dem Patienten.<\/p>\n<p>Seit 2007 bin ich bei der Stiftung Hom\u00f6opathie Zertifikat (SHZ) zertifiziert. Das Zertifikat wird alle 2 Jahre durch den Nachweis von Fortbildungen verl\u00e4ngert.<\/p>\n<p>Seit 2008 liegt der Schwerpunkt meiner hom\u00f6opathischen Arbeit auf der miasmatischen Hom\u00f6opathie, weil sie nicht nur die Krankheit des Patienten, sondern den Patienten als Ganzes in seinem Zusammenwirken aus K\u00f6rper, Geist und Seele betrachtet.<\/p>\n<p>Seit 2014 nehme ich j\u00e4hrlich an den Kongressen der Akademie Heiligenfeld, Bad Kissingen teil.<\/p>\n<p><\/div>\n<div class=\"one_half column-last\"><br \/>\n<img decoding=\"async\" src=\"https:\/\/www.martinavanemmerich.de\/wp\/wp-content\/uploads\/2018\/09\/IMG_0706-e1536492471130.jpg\" alt=\"Martina van Emmerich\" width=\"400\" \/><\/div><div class=\"clear\"><\/div>\n<blockquote>\n<p>Ich habe das gro\u00dfe Gl\u00fcck in meinem Beruf auch meine Berufung gefunden zu haben. Dies erf\u00fcllt mich mit gro\u00dfer Dankbarkeit und Freude.<\/p>\n<\/blockquote>\n<p>&nbsp;<\/p>\n<h2>Wichtige Impulse in Aus- und Fortbildung f\u00fcr meine Arbeit erhielt ich durch&#8230;<\/h2>\n<ul>\n<li>Fortbildungen im Zentrum f\u00fcr klassische Hom\u00f6opathie in M\u00fclheim an der Ruhr<\/li>\n<li>Das Selbststudium der Werke von Samuel Hahnemann, J.H. Allen, J.C. Burnett, Friedrich Graf, Gerhard Risch, Jens Wurster, Ravi Roy, Cathrine Coulter, Rosina Sonnenschmidt, den Gienows und anderer<\/li>\n<li>Ausbildung in miasmatischer Hom\u00f6opathie bei Rosina Sonnenschmidt, Peter und Gertie Gienow, Birgit Schell-L\u00fcngen (autorisierte Lehrerin der Gienow Miasmatik) und Gudrun Hasler (autorisierte Lehrerin der Gienow Methode)<\/li>\n<li>Meine Arbeitskreise in Essen und Sonsbeck<\/li>\n<li>Ausbildung in der Medial- und Heilerschulung von Rosina Sonnenschmidt und Harald Knauss<\/li>\n<li>Die vielen Vortr\u00e4ge inspirierter Dozenten auf den Heiligenfeldkongressen<\/li>\n<li>Bert Hellinger, Bertold Ulsamer<\/li>\n<li>Die Arbeit mit meinen Patienten<\/li>\n<\/ul>\n","protected":false},"excerpt":{"rendered":"<p>Ich bin Martina van Emmerich und wurde 1958 in M\u00fclheim an der Ruhr geboren und lebe dort bis heute. Werdegang Ich habe das gro\u00dfe Gl\u00fcck in meinem Beruf auch meine Berufung gefunden zu haben. Dies erf\u00fcllt mich mit gro\u00dfer Dankbarkeit und Freude. &nbsp; Wichtige Impulse in Aus- und Fortbildung f\u00fcr meine Arbeit erhielt ich durch&#8230; Fortbildungen im Zentrum f\u00fcr klassische Hom\u00f6opathie in M\u00fclheim an der Ruhr Das Selbststudium der Werke von Samuel Hahnemann, J.H. Allen, J.C. Burnett, Friedrich Graf, Gerhard Risch, Jens Wurster, Ravi Roy, Cathrine Coulter, Rosina Sonnenschmidt, den Gienows und anderer Ausbildung in miasmatischer Hom\u00f6opathie bei Rosina Sonnenschmidt, <\/p>\n","protected":false},"author":1,"featured_media":45,"parent":0,"menu_order":0,"comment_status":"closed","ping_status":"closed","template":"","meta":[],"_links":{"self":[{"href":"https:\/\/www.martinavanemmerich.de\/wp\/wp-json\/wp\/v2\/pages\/11"}],"collection":[{"href":"https:\/\/www.martinavanemmerich.de\/wp\/wp-json\/wp\/v2\/pages"}],"about":[{"href":"https:\/\/www.martinavanemmerich.de\/wp\/wp-json\/wp\/v2\/types\/page"}],"author":[{"embeddable":true,"href":"https:\/\/www.martinavanemmerich.de\/wp\/wp-json\/wp\/v2\/users\/1"}],"replies":[{"embeddable":true,"href":"https:\/\/www.martinavanemmerich.de\/wp\/wp-json\/wp\/v2\/comments?post=11"}],"version-history":[{"count":17,"href":"https:\/\/www.martinavanemmerich.de\/wp\/wp-json\/wp\/v2\/pages\/11\/revisions"}],"predecessor-version":[{"id":22,"href":"https:\/\/www.martinavanemmerich.de\/wp\/wp-json\/wp\/v2\/pages\/11\/revisions\/22"}],"wp:featuredmedia":[{"embeddable":true,"href":"https:\/\/www.martinavanemmerich.de\/wp\/wp-json\/wp\/v2\/media\/45"}],"wp:attachment":[{"href":"https:\/\/www.martinavanemmerich.de\/wp\/wp-json\/wp\/v2\/media?parent=11"}],"curies":[{"name":"wp","href":"https:\/\/api.w.org\/{rel}","templated":true}]}}